{"id":572,"date":"2024-01-14T12:55:09","date_gmt":"2024-01-14T12:55:09","guid":{"rendered":"https:\/\/almakin.com\/projektek\/"},"modified":"2024-07-14T14:01:22","modified_gmt":"2024-07-14T14:01:22","slug":"projektek","status":"publish","type":"page","link":"https:\/\/almakin.com\/hu\/projektek\/","title":{"rendered":"Projektek"},"content":{"rendered":"\t\t<div data-elementor-type=\"wp-page\" data-elementor-id=\"572\" class=\"elementor elementor-572 elementor-417\" data-elementor-post-type=\"page\">\n\t\t\t\t\t\t<section class=\"elementor-section elementor-top-section elementor-element elementor-element-6a6265f4 elementor-section-height-min-height elementor-section-boxed elementor-section-height-default elementor-section-items-middle\" data-id=\"6a6265f4\" data-element_type=\"section\" data-e-type=\"section\" data-settings=\"{&quot;background_background&quot;:&quot;classic&quot;}\">\n\t\t\t\t\t\t\t<div class=\"elementor-background-overlay\"><\/div>\n\t\t\t\t\t\t\t<div class=\"elementor-container elementor-column-gap-default\">\n\t\t\t\t\t<div class=\"elementor-column elementor-col-100 elementor-top-column elementor-element elementor-element-7a44baea\" data-id=\"7a44baea\" data-element_type=\"column\" data-e-type=\"column\">\n\t\t\t<div class=\"elementor-widget-wrap elementor-element-populated\">\n\t\t\t\t\t\t<div class=\"elementor-element elementor-element-1f5961af elementor-widget elementor-widget-heading\" data-id=\"1f5961af\" data-element_type=\"widget\" data-e-type=\"widget\" data-widget_type=\"heading.default\">\n\t\t\t\t<div class=\"elementor-widget-container\">\n\t\t\t\t\t<h3 class=\"elementor-heading-title elementor-size-default\">Projektek<\/h3>\t\t\t\t<\/div>\n\t\t\t\t<\/div>\n\t\t\t\t\t<\/div>\n\t\t<\/div>\n\t\t\t\t\t<\/div>\n\t\t<\/section>\n\t\t<div class=\"elementor-element elementor-element-ad11f82 e-flex e-con-boxed e-con e-parent\" data-id=\"ad11f82\" data-element_type=\"container\" data-e-type=\"container\">\n\t\t\t\t\t<div class=\"e-con-inner\">\n\t\t\t\t<div class=\"elementor-element elementor-element-59d6688 elementor-widget elementor-widget-heading\" data-id=\"59d6688\" data-element_type=\"widget\" data-e-type=\"widget\" data-widget_type=\"heading.default\">\n\t\t\t\t<div class=\"elementor-widget-container\">\n\t\t\t\t\t<h5 class=\"elementor-heading-title elementor-size-default\">PROJEKTJEINK<\/h5>\t\t\t\t<\/div>\n\t\t\t\t<\/div>\n\t\t\t\t<div class=\"elementor-element elementor-element-cd28f87 elementor-widget elementor-widget-heading\" data-id=\"cd28f87\" data-element_type=\"widget\" data-e-type=\"widget\" data-widget_type=\"heading.default\">\n\t\t\t\t<div class=\"elementor-widget-container\">\n\t\t\t\t\t<h2 class=\"elementor-heading-title elementor-size-default\">N\u00e9zze meg projekteinket<\/h2>\t\t\t\t<\/div>\n\t\t\t\t<\/div>\n\t\t\t\t<div class=\"elementor-element elementor-element-ba78905 elementor-widget elementor-widget-taxonomy-filter\" data-id=\"ba78905\" data-element_type=\"widget\" data-e-type=\"widget\" data-settings=\"{&quot;selected_element&quot;:&quot;8eccb3f&quot;,&quot;taxonomy&quot;:&quot;portfolio-category&quot;,&quot;horizontal_scroll&quot;:&quot;disable&quot;}\" data-widget_type=\"taxonomy-filter.default\">\n\t\t\t\t<div class=\"elementor-widget-container\">\n\t\t\t\t\t\t\t<search class=\"e-filter\" role=\"search\" data-base-url=\"https:\/\/almakin.com\/hu\/\" data-page-num=\"1\">\n\t\t\t\t\t\t\t<button class=\"e-filter-item\" data-filter=\"energia\" aria-pressed=\"false\">energia<\/button>\n\t\t\t\t\t\t\t<button class=\"e-filter-item\" data-filter=\"nap\" aria-pressed=\"false\">nap<\/button>\n\t\t\t\t\t\t\t<button class=\"e-filter-item\" data-filter=\"napenergia\" aria-pressed=\"false\">napenergia<\/button>\n\t\t\t\n\t\t\t\t\t\t\t\t\t<button class=\"e-filter-item\" data-filter=\"__all\" aria-pressed=\"true\">\n\t\t\t\tAll\t\t\t<\/button>\n\t\t\t\t\t<\/search>\n\t\t\t\t\t\t<\/div>\n\t\t\t\t<\/div>\n\t\t\t\t<div class=\"elementor-element elementor-element-8eccb3f elementor-grid-3 elementor-grid-tablet-2 elementor-grid-mobile-1 elementor-widget elementor-widget-loop-grid\" data-id=\"8eccb3f\" data-element_type=\"widget\" data-e-type=\"widget\" data-settings=\"{&quot;template_id&quot;:606,&quot;_skin&quot;:&quot;post&quot;,&quot;columns&quot;:&quot;3&quot;,&quot;columns_tablet&quot;:&quot;2&quot;,&quot;columns_mobile&quot;:&quot;1&quot;,&quot;edit_handle_selector&quot;:&quot;[data-elementor-type=\\&quot;loop-item\\&quot;]&quot;,&quot;row_gap&quot;:{&quot;unit&quot;:&quot;px&quot;,&quot;size&quot;:&quot;&quot;,&quot;sizes&quot;:[]},&quot;row_gap_tablet&quot;:{&quot;unit&quot;:&quot;px&quot;,&quot;size&quot;:&quot;&quot;,&quot;sizes&quot;:[]},&quot;row_gap_mobile&quot;:{&quot;unit&quot;:&quot;px&quot;,&quot;size&quot;:&quot;&quot;,&quot;sizes&quot;:[]}}\" data-widget_type=\"loop-grid.post\">\n\t\t\t\t<div class=\"elementor-widget-container\">\n\t\t\t\t\t\t\t<div class=\"elementor-loop-container elementor-grid\" role=\"list\">\n\t\t<style id=\"loop-dynamic-606\">.e-loop-item-662 .elementor-element.elementor-element-9607206 .elementor-flip-box__front{background-image:url(\"https:\/\/almakin.com\/wp-content\/uploads\/2025\/02\/WhatsApp-Image-2025-02-05-at-13.59.46_97c92555.jpg\");}.e-loop-item-662 .elementor-element.elementor-element-9607206 .elementor-flip-box__back{background-image:url(\"https:\/\/almakin.com\/wp-content\/uploads\/2025\/02\/WhatsApp-Image-2025-02-05-at-13.59.46_97c92555.jpg\");}<\/style><style id=\"loop-606\">.elementor-606 .elementor-element.elementor-element-9cd3403{--display:flex;--flex-direction:column;--container-widget-width:100%;--container-widget-height:initial;--container-widget-flex-grow:0;--container-widget-align-self:initial;--flex-wrap-mobile:wrap;}.elementor-606 .elementor-element.elementor-element-d279524{--display:flex;}.elementor-widget-flip-box .elementor-flip-box__front .elementor-flip-box__layer__title{font-family:var( --e-global-typography-primary-font-family ), Sans-serif;font-weight:var( --e-global-typography-primary-font-weight );}.elementor-widget-flip-box .elementor-flip-box__front .elementor-flip-box__layer__description{font-family:var( --e-global-typography-text-font-family ), Sans-serif;font-weight:var( --e-global-typography-text-font-weight );}.elementor-widget-flip-box .elementor-flip-box__back .elementor-flip-box__layer__title{font-family:var( --e-global-typography-primary-font-family ), Sans-serif;font-weight:var( --e-global-typography-primary-font-weight );}.elementor-widget-flip-box .elementor-flip-box__back .elementor-flip-box__layer__description{font-family:var( --e-global-typography-text-font-family ), Sans-serif;font-weight:var( --e-global-typography-text-font-weight );}.elementor-widget-flip-box .elementor-flip-box__button{font-family:var( --e-global-typography-accent-font-family ), Sans-serif;font-weight:var( --e-global-typography-accent-font-weight );}.elementor-606 .elementor-element.elementor-element-9607206 .elementor-flip-box__front{background-position:center center;background-repeat:no-repeat;background-size:cover;}.elementor-606 .elementor-element.elementor-element-9607206 .elementor-flip-box__front .elementor-flip-box__layer__overlay{text-align:center;justify-content:center;}.elementor-606 .elementor-element.elementor-element-9607206 .elementor-flip-box__back{background-position:center center;background-repeat:no-repeat;background-size:cover;}.elementor-606 .elementor-element.elementor-element-9607206 .elementor-flip-box__back .elementor-flip-box__layer__overlay{background-color:#0000006E;text-align:center;}.elementor-606 .elementor-element.elementor-element-9607206 .elementor-flip-box__button{margin-inline-center:0;font-family:\"Roboto Slab\", Sans-serif;font-size:13px;}.elementor-606 .elementor-element.elementor-element-9607206 .elementor-flip-box__back .elementor-flip-box__layer__title{font-family:var( --e-global-typography-0224de7-font-family ), Sans-serif;font-size:var( --e-global-typography-0224de7-font-size );line-height:var( --e-global-typography-0224de7-line-height );letter-spacing:var( --e-global-typography-0224de7-letter-spacing );word-spacing:var( --e-global-typography-0224de7-word-spacing );}@media(max-width:1024px){.elementor-606 .elementor-element.elementor-element-9607206 .elementor-flip-box__back .elementor-flip-box__layer__title{font-size:var( --e-global-typography-0224de7-font-size );line-height:var( --e-global-typography-0224de7-line-height );letter-spacing:var( --e-global-typography-0224de7-letter-spacing );word-spacing:var( --e-global-typography-0224de7-word-spacing );}}@media(max-width:767px){.elementor-606 .elementor-element.elementor-element-9607206 .elementor-flip-box__back .elementor-flip-box__layer__title{font-size:var( --e-global-typography-0224de7-font-size );line-height:var( --e-global-typography-0224de7-line-height );letter-spacing:var( --e-global-typography-0224de7-letter-spacing );word-spacing:var( --e-global-typography-0224de7-word-spacing );}}<\/style>\t\t<div data-elementor-type=\"loop-item\" data-elementor-id=\"606\" class=\"elementor elementor-606 elementor-376 elementor-376 e-loop-item e-loop-item-662 post-662 portfolio type-portfolio status-publish has-post-thumbnail hentry portfolio-category-energia portfolio-category-napenergia\" data-elementor-post-type=\"elementor_library\" data-custom-edit-handle=\"1\">\n\t\t\t<div class=\"elementor-element elementor-element-9cd3403 e-flex e-con-boxed e-con e-parent\" data-id=\"9cd3403\" data-element_type=\"container\" data-e-type=\"container\">\n\t\t\t\t\t<div class=\"e-con-inner\">\n\t\t<div class=\"elementor-element elementor-element-d279524 e-flex e-con-boxed e-con e-child\" data-id=\"d279524\" data-element_type=\"container\" data-e-type=\"container\" data-settings=\"{&quot;background_background&quot;:&quot;classic&quot;}\">\n\t\t\t\t\t<div class=\"e-con-inner\">\n\t\t\t\t<div class=\"elementor-element elementor-element-9607206 elementor-flip-box--effect-fade elementor-widget elementor-widget-flip-box\" data-id=\"9607206\" data-element_type=\"widget\" data-e-type=\"widget\" data-widget_type=\"flip-box.default\">\n\t\t\t\t<div class=\"elementor-widget-container\">\n\t\t\t\t\t\t\t<div class=\"elementor-flip-box\" tabindex=\"0\">\n\t\t\t<div class=\"elementor-flip-box__layer elementor-flip-box__front\">\n\t\t\t\t<div class=\"elementor-flip-box__layer__overlay\">\n\t\t\t\t\t<div class=\"elementor-flip-box__layer__inner\">\n\t\t\t\t\t\t\n\t\t\t\t\t\t\n\t\t\t\t\t\t\t\t\t\t\t<\/div>\n\t\t\t\t<\/div>\n\t\t\t<\/div>\n\t\t\t<div class=\"elementor-flip-box__layer elementor-flip-box__back\">\n\t\t\t<div class=\"elementor-flip-box__layer__overlay\">\n\t\t\t\t<div class=\"elementor-flip-box__layer__inner\">\n\t\t\t\t\t\t\t\t\t\t\t<h3 class=\"elementor-flip-box__layer__title\">\n\t\t\t\t\t\t\tTest Dina Farms Plant hungarian\t\t\t\t\t\t<\/h3>\n\t\t\t\t\t\n\t\t\t\t\t\n\t\t\t\t\t\t\t\t\t\t\t<a class=\"elementor-flip-box__button elementor-button elementor-size-xs\" href=\"https:\/\/almakin.com\/hu\/portfolio\/test-dina-farms-plant-hungarian\/\">\n\t\t\t\t\t\t\tTov\u00e1bbi inform\u00e1ci\u00f3\t\t\t\t\t\t<\/a>\n\t\t\t\t\t\t\t\t<\/div>\n\t\t<\/div>\n\t\t<\/div>\n\t\t<\/div>\n\t\t\t\t\t\t<\/div>\n\t\t\t\t<\/div>\n\t\t\t\t\t<\/div>\n\t\t\t\t<\/div>\n\t\t\t\t\t<\/div>\n\t\t\t\t<\/div>\n\t\t\t\t<\/div>\n\t\t<style id=\"loop-dynamic-606\">.e-loop-item-567 .elementor-element.elementor-element-9607206 .elementor-flip-box__front{background-image:url(\"https:\/\/almakin.com\/wp-content\/uploads\/2024\/01\/Ras-Abu-Rudeis-1.webp\");}.e-loop-item-567 .elementor-element.elementor-element-9607206 .elementor-flip-box__back{background-image:url(\"https:\/\/almakin.com\/wp-content\/uploads\/2024\/01\/Ras-Abu-Rudeis-1.webp\");}<\/style>\t\t<div data-elementor-type=\"loop-item\" data-elementor-id=\"606\" class=\"elementor elementor-606 elementor-376 elementor-376 e-loop-item e-loop-item-567 post-567 portfolio type-portfolio status-publish has-post-thumbnail hentry portfolio-category-energia portfolio-category-napenergia\" data-elementor-post-type=\"elementor_library\" data-custom-edit-handle=\"1\">\n\t\t\t<div class=\"elementor-element elementor-element-9cd3403 e-flex e-con-boxed e-con e-parent\" data-id=\"9cd3403\" data-element_type=\"container\" data-e-type=\"container\">\n\t\t\t\t\t<div class=\"e-con-inner\">\n\t\t<div class=\"elementor-element elementor-element-d279524 e-flex e-con-boxed e-con e-child\" data-id=\"d279524\" data-element_type=\"container\" data-e-type=\"container\" data-settings=\"{&quot;background_background&quot;:&quot;classic&quot;}\">\n\t\t\t\t\t<div class=\"e-con-inner\">\n\t\t\t\t<div class=\"elementor-element elementor-element-9607206 elementor-flip-box--effect-fade elementor-widget elementor-widget-flip-box\" data-id=\"9607206\" data-element_type=\"widget\" data-e-type=\"widget\" data-widget_type=\"flip-box.default\">\n\t\t\t\t<div class=\"elementor-widget-container\">\n\t\t\t\t\t\t\t<div class=\"elementor-flip-box\" tabindex=\"0\">\n\t\t\t<div class=\"elementor-flip-box__layer elementor-flip-box__front\">\n\t\t\t\t<div class=\"elementor-flip-box__layer__overlay\">\n\t\t\t\t\t<div class=\"elementor-flip-box__layer__inner\">\n\t\t\t\t\t\t\n\t\t\t\t\t\t\n\t\t\t\t\t\t\t\t\t\t\t<\/div>\n\t\t\t\t<\/div>\n\t\t\t<\/div>\n\t\t\t<div class=\"elementor-flip-box__layer elementor-flip-box__back\">\n\t\t\t<div class=\"elementor-flip-box__layer__overlay\">\n\t\t\t\t<div class=\"elementor-flip-box__layer__inner\">\n\t\t\t\t\t\t\t\t\t\t\t<h3 class=\"elementor-flip-box__layer__title\">\n\t\t\t\t\t\t\tRas Abu Rudeis, South Sinai\t\t\t\t\t\t<\/h3>\n\t\t\t\t\t\n\t\t\t\t\t\n\t\t\t\t\t\t\t\t\t\t\t<a class=\"elementor-flip-box__button elementor-button elementor-size-xs\" href=\"https:\/\/almakin.com\/hu\/portfolio\/ras-abu-rudeis-south-sinai\/\">\n\t\t\t\t\t\t\tTov\u00e1bbi inform\u00e1ci\u00f3\t\t\t\t\t\t<\/a>\n\t\t\t\t\t\t\t\t<\/div>\n\t\t<\/div>\n\t\t<\/div>\n\t\t<\/div>\n\t\t\t\t\t\t<\/div>\n\t\t\t\t<\/div>\n\t\t\t\t\t<\/div>\n\t\t\t\t<\/div>\n\t\t\t\t\t<\/div>\n\t\t\t\t<\/div>\n\t\t\t\t<\/div>\n\t\t<style id=\"loop-dynamic-606\">.e-loop-item-568 .elementor-element.elementor-element-9607206 .elementor-flip-box__front{background-image:url(\"https:\/\/almakin.com\/wp-content\/uploads\/2024\/01\/main-3.jpg\");}.e-loop-item-568 .elementor-element.elementor-element-9607206 .elementor-flip-box__back{background-image:url(\"https:\/\/almakin.com\/wp-content\/uploads\/2024\/01\/main-3.jpg\");}<\/style>\t\t<div data-elementor-type=\"loop-item\" data-elementor-id=\"606\" class=\"elementor elementor-606 elementor-376 elementor-376 e-loop-item e-loop-item-568 post-568 portfolio type-portfolio status-publish has-post-thumbnail hentry portfolio-category-energia portfolio-category-napenergia\" data-elementor-post-type=\"elementor_library\" data-custom-edit-handle=\"1\">\n\t\t\t<div class=\"elementor-element elementor-element-9cd3403 e-flex e-con-boxed e-con e-parent\" data-id=\"9cd3403\" data-element_type=\"container\" data-e-type=\"container\">\n\t\t\t\t\t<div class=\"e-con-inner\">\n\t\t<div class=\"elementor-element elementor-element-d279524 e-flex e-con-boxed e-con e-child\" data-id=\"d279524\" data-element_type=\"container\" data-e-type=\"container\" data-settings=\"{&quot;background_background&quot;:&quot;classic&quot;}\">\n\t\t\t\t\t<div class=\"e-con-inner\">\n\t\t\t\t<div class=\"elementor-element elementor-element-9607206 elementor-flip-box--effect-fade elementor-widget elementor-widget-flip-box\" data-id=\"9607206\" data-element_type=\"widget\" data-e-type=\"widget\" data-widget_type=\"flip-box.default\">\n\t\t\t\t<div class=\"elementor-widget-container\">\n\t\t\t\t\t\t\t<div class=\"elementor-flip-box\" tabindex=\"0\">\n\t\t\t<div class=\"elementor-flip-box__layer elementor-flip-box__front\">\n\t\t\t\t<div class=\"elementor-flip-box__layer__overlay\">\n\t\t\t\t\t<div class=\"elementor-flip-box__layer__inner\">\n\t\t\t\t\t\t\n\t\t\t\t\t\t\n\t\t\t\t\t\t\t\t\t\t\t<\/div>\n\t\t\t\t<\/div>\n\t\t\t<\/div>\n\t\t\t<div class=\"elementor-flip-box__layer elementor-flip-box__back\">\n\t\t\t<div class=\"elementor-flip-box__layer__overlay\">\n\t\t\t\t<div class=\"elementor-flip-box__layer__inner\">\n\t\t\t\t\t\t\t\t\t\t\t<h3 class=\"elementor-flip-box__layer__title\">\n\t\t\t\t\t\t\tWadi El Natrun 2\t\t\t\t\t\t<\/h3>\n\t\t\t\t\t\n\t\t\t\t\t\n\t\t\t\t\t\t\t\t\t\t\t<a class=\"elementor-flip-box__button elementor-button elementor-size-xs\" href=\"https:\/\/almakin.com\/hu\/portfolio\/wadi-el-natrun-2\/\">\n\t\t\t\t\t\t\tTov\u00e1bbi inform\u00e1ci\u00f3\t\t\t\t\t\t<\/a>\n\t\t\t\t\t\t\t\t<\/div>\n\t\t<\/div>\n\t\t<\/div>\n\t\t<\/div>\n\t\t\t\t\t\t<\/div>\n\t\t\t\t<\/div>\n\t\t\t\t\t<\/div>\n\t\t\t\t<\/div>\n\t\t\t\t\t<\/div>\n\t\t\t\t<\/div>\n\t\t\t\t<\/div>\n\t\t<style id=\"loop-dynamic-606\">.e-loop-item-569 .elementor-element.elementor-element-9607206 .elementor-flip-box__front{background-image:url(\"https:\/\/almakin.com\/wp-content\/uploads\/2024\/01\/main-2.jpg\");}.e-loop-item-569 .elementor-element.elementor-element-9607206 .elementor-flip-box__back{background-image:url(\"https:\/\/almakin.com\/wp-content\/uploads\/2024\/01\/main-2.jpg\");}<\/style>\t\t<div data-elementor-type=\"loop-item\" data-elementor-id=\"606\" class=\"elementor elementor-606 elementor-376 elementor-376 e-loop-item e-loop-item-569 post-569 portfolio type-portfolio status-publish has-post-thumbnail hentry portfolio-category-energia portfolio-category-napenergia\" data-elementor-post-type=\"elementor_library\" data-custom-edit-handle=\"1\">\n\t\t\t<div class=\"elementor-element elementor-element-9cd3403 e-flex e-con-boxed e-con e-parent\" data-id=\"9cd3403\" data-element_type=\"container\" data-e-type=\"container\">\n\t\t\t\t\t<div class=\"e-con-inner\">\n\t\t<div class=\"elementor-element elementor-element-d279524 e-flex e-con-boxed e-con e-child\" data-id=\"d279524\" data-element_type=\"container\" data-e-type=\"container\" data-settings=\"{&quot;background_background&quot;:&quot;classic&quot;}\">\n\t\t\t\t\t<div class=\"e-con-inner\">\n\t\t\t\t<div class=\"elementor-element elementor-element-9607206 elementor-flip-box--effect-fade elementor-widget elementor-widget-flip-box\" data-id=\"9607206\" data-element_type=\"widget\" data-e-type=\"widget\" data-widget_type=\"flip-box.default\">\n\t\t\t\t<div class=\"elementor-widget-container\">\n\t\t\t\t\t\t\t<div class=\"elementor-flip-box\" tabindex=\"0\">\n\t\t\t<div class=\"elementor-flip-box__layer elementor-flip-box__front\">\n\t\t\t\t<div class=\"elementor-flip-box__layer__overlay\">\n\t\t\t\t\t<div class=\"elementor-flip-box__layer__inner\">\n\t\t\t\t\t\t\n\t\t\t\t\t\t\n\t\t\t\t\t\t\t\t\t\t\t<\/div>\n\t\t\t\t<\/div>\n\t\t\t<\/div>\n\t\t\t<div class=\"elementor-flip-box__layer elementor-flip-box__back\">\n\t\t\t<div class=\"elementor-flip-box__layer__overlay\">\n\t\t\t\t<div class=\"elementor-flip-box__layer__inner\">\n\t\t\t\t\t\t\t\t\t\t\t<h3 class=\"elementor-flip-box__layer__title\">\n\t\t\t\t\t\t\tWadi El Natrun 1\t\t\t\t\t\t<\/h3>\n\t\t\t\t\t\n\t\t\t\t\t\n\t\t\t\t\t\t\t\t\t\t\t<a class=\"elementor-flip-box__button elementor-button elementor-size-xs\" href=\"https:\/\/almakin.com\/hu\/portfolio\/wadi-el-natrun-1\/\">\n\t\t\t\t\t\t\tTov\u00e1bbi inform\u00e1ci\u00f3\t\t\t\t\t\t<\/a>\n\t\t\t\t\t\t\t\t<\/div>\n\t\t<\/div>\n\t\t<\/div>\n\t\t<\/div>\n\t\t\t\t\t\t<\/div>\n\t\t\t\t<\/div>\n\t\t\t\t\t<\/div>\n\t\t\t\t<\/div>\n\t\t\t\t\t<\/div>\n\t\t\t\t<\/div>\n\t\t\t\t<\/div>\n\t\t<style id=\"loop-dynamic-606\">.e-loop-item-570 .elementor-element.elementor-element-9607206 .elementor-flip-box__front{background-image:url(\"https:\/\/almakin.com\/wp-content\/uploads\/2024\/01\/main.jpg\");}.e-loop-item-570 .elementor-element.elementor-element-9607206 .elementor-flip-box__back{background-image:url(\"https:\/\/almakin.com\/wp-content\/uploads\/2024\/01\/main.jpg\");}<\/style>\t\t<div data-elementor-type=\"loop-item\" data-elementor-id=\"606\" class=\"elementor elementor-606 elementor-376 elementor-376 e-loop-item e-loop-item-570 post-570 portfolio type-portfolio status-publish has-post-thumbnail hentry portfolio-category-energia portfolio-category-napenergia\" data-elementor-post-type=\"elementor_library\" data-custom-edit-handle=\"1\">\n\t\t\t<div class=\"elementor-element elementor-element-9cd3403 e-flex e-con-boxed e-con e-parent\" data-id=\"9cd3403\" data-element_type=\"container\" data-e-type=\"container\">\n\t\t\t\t\t<div class=\"e-con-inner\">\n\t\t<div class=\"elementor-element elementor-element-d279524 e-flex e-con-boxed e-con e-child\" data-id=\"d279524\" data-element_type=\"container\" data-e-type=\"container\" data-settings=\"{&quot;background_background&quot;:&quot;classic&quot;}\">\n\t\t\t\t\t<div class=\"e-con-inner\">\n\t\t\t\t<div class=\"elementor-element elementor-element-9607206 elementor-flip-box--effect-fade elementor-widget elementor-widget-flip-box\" data-id=\"9607206\" data-element_type=\"widget\" data-e-type=\"widget\" data-widget_type=\"flip-box.default\">\n\t\t\t\t<div class=\"elementor-widget-container\">\n\t\t\t\t\t\t\t<div class=\"elementor-flip-box\" tabindex=\"0\">\n\t\t\t<div class=\"elementor-flip-box__layer elementor-flip-box__front\">\n\t\t\t\t<div class=\"elementor-flip-box__layer__overlay\">\n\t\t\t\t\t<div class=\"elementor-flip-box__layer__inner\">\n\t\t\t\t\t\t\n\t\t\t\t\t\t\n\t\t\t\t\t\t\t\t\t\t\t<\/div>\n\t\t\t\t<\/div>\n\t\t\t<\/div>\n\t\t\t<div class=\"elementor-flip-box__layer elementor-flip-box__back\">\n\t\t\t<div class=\"elementor-flip-box__layer__overlay\">\n\t\t\t\t<div class=\"elementor-flip-box__layer__inner\">\n\t\t\t\t\t\t\t\t\t\t\t<h3 class=\"elementor-flip-box__layer__title\">\n\t\t\t\t\t\t\tDina Farms Plant\t\t\t\t\t\t<\/h3>\n\t\t\t\t\t\n\t\t\t\t\t\n\t\t\t\t\t\t\t\t\t\t\t<a class=\"elementor-flip-box__button elementor-button elementor-size-xs\" href=\"https:\/\/almakin.com\/hu\/portfolio\/dina-farms-plant\/\">\n\t\t\t\t\t\t\tTov\u00e1bbi inform\u00e1ci\u00f3\t\t\t\t\t\t<\/a>\n\t\t\t\t\t\t\t\t<\/div>\n\t\t<\/div>\n\t\t<\/div>\n\t\t<\/div>\n\t\t\t\t\t\t<\/div>\n\t\t\t\t<\/div>\n\t\t\t\t\t<\/div>\n\t\t\t\t<\/div>\n\t\t\t\t\t<\/div>\n\t\t\t\t<\/div>\n\t\t\t\t<\/div>\n\t\t<style id=\"loop-dynamic-606\">.e-loop-item-571 .elementor-element.elementor-element-9607206 .elementor-flip-box__front{background-image:url(\"https:\/\/almakin.com\/wp-content\/uploads\/2024\/01\/main-1.jpg\");}.e-loop-item-571 .elementor-element.elementor-element-9607206 .elementor-flip-box__back{background-image:url(\"https:\/\/almakin.com\/wp-content\/uploads\/2024\/01\/main-1.jpg\");}<\/style>\t\t<div data-elementor-type=\"loop-item\" data-elementor-id=\"606\" class=\"elementor elementor-606 elementor-376 elementor-376 e-loop-item e-loop-item-571 post-571 portfolio type-portfolio status-publish has-post-thumbnail hentry portfolio-category-energia portfolio-category-napenergia\" data-elementor-post-type=\"elementor_library\" data-custom-edit-handle=\"1\">\n\t\t\t<div class=\"elementor-element elementor-element-9cd3403 e-flex e-con-boxed e-con e-parent\" data-id=\"9cd3403\" data-element_type=\"container\" data-e-type=\"container\">\n\t\t\t\t\t<div class=\"e-con-inner\">\n\t\t<div class=\"elementor-element elementor-element-d279524 e-flex e-con-boxed e-con e-child\" data-id=\"d279524\" data-element_type=\"container\" data-e-type=\"container\" data-settings=\"{&quot;background_background&quot;:&quot;classic&quot;}\">\n\t\t\t\t\t<div class=\"e-con-inner\">\n\t\t\t\t<div class=\"elementor-element elementor-element-9607206 elementor-flip-box--effect-fade elementor-widget elementor-widget-flip-box\" data-id=\"9607206\" data-element_type=\"widget\" data-e-type=\"widget\" data-widget_type=\"flip-box.default\">\n\t\t\t\t<div class=\"elementor-widget-container\">\n\t\t\t\t\t\t\t<div class=\"elementor-flip-box\" tabindex=\"0\">\n\t\t\t<div class=\"elementor-flip-box__layer elementor-flip-box__front\">\n\t\t\t\t<div class=\"elementor-flip-box__layer__overlay\">\n\t\t\t\t\t<div class=\"elementor-flip-box__layer__inner\">\n\t\t\t\t\t\t\n\t\t\t\t\t\t\n\t\t\t\t\t\t\t\t\t\t\t<\/div>\n\t\t\t\t<\/div>\n\t\t\t<\/div>\n\t\t\t<div class=\"elementor-flip-box__layer elementor-flip-box__back\">\n\t\t\t<div class=\"elementor-flip-box__layer__overlay\">\n\t\t\t\t<div class=\"elementor-flip-box__layer__inner\">\n\t\t\t\t\t\t\t\t\t\t\t<h3 class=\"elementor-flip-box__layer__title\">\n\t\t\t\t\t\t\tTanpol\t\t\t\t\t\t<\/h3>\n\t\t\t\t\t\n\t\t\t\t\t\n\t\t\t\t\t\t\t\t\t\t\t<a class=\"elementor-flip-box__button elementor-button elementor-size-xs\" href=\"https:\/\/almakin.com\/hu\/portfolio\/tanpol\/\">\n\t\t\t\t\t\t\tTov\u00e1bbi inform\u00e1ci\u00f3\t\t\t\t\t\t<\/a>\n\t\t\t\t\t\t\t\t<\/div>\n\t\t<\/div>\n\t\t<\/div>\n\t\t<\/div>\n\t\t\t\t\t\t<\/div>\n\t\t\t\t<\/div>\n\t\t\t\t\t<\/div>\n\t\t\t\t<\/div>\n\t\t\t\t\t<\/div>\n\t\t\t\t<\/div>\n\t\t\t\t<\/div>\n\t\t\t\t<\/div>\n\t\t\n\t\t\t\t\t\t<\/div>\n\t\t\t\t<\/div>\n\t\t\t\t\t<\/div>\n\t\t\t\t<\/div>\n\t\t\t\t<\/div>\n\t\t","protected":false},"excerpt":{"rendered":"<p>PROJEKTJEINK N\u00e9zze meg projekteinket Energy Solar Sun All<\/p>\n","protected":false},"author":1,"featured_media":0,"parent":0,"menu_order":0,"comment_status":"closed","ping_status":"closed","template":"","meta":{"_acf_changed":false,"footnotes":""},"class_list":["post-572","page","type-page","status-publish","hentry"],"acf":[],"_links":{"self":[{"href":"https:\/\/almakin.com\/hu\/wp-json\/wp\/v2\/pages\/572","targetHints":{"allow":["GET"]}}],"collection":[{"href":"https:\/\/almakin.com\/hu\/wp-json\/wp\/v2\/pages"}],"about":[{"href":"https:\/\/almakin.com\/hu\/wp-json\/wp\/v2\/types\/page"}],"author":[{"embeddable":true,"href":"https:\/\/almakin.com\/hu\/wp-json\/wp\/v2\/users\/1"}],"replies":[{"embeddable":true,"href":"https:\/\/almakin.com\/hu\/wp-json\/wp\/v2\/comments?post=572"}],"version-history":[{"count":4,"href":"https:\/\/almakin.com\/hu\/wp-json\/wp\/v2\/pages\/572\/revisions"}],"predecessor-version":[{"id":603,"href":"https:\/\/almakin.com\/hu\/wp-json\/wp\/v2\/pages\/572\/revisions\/603"}],"wp:attachment":[{"href":"https:\/\/almakin.com\/hu\/wp-json\/wp\/v2\/media?parent=572"}],"curies":[{"name":"wp","href":"https:\/\/api.w.org\/{rel}","templated":true}]}}